{"id":1119,"date":"2018-01-03T15:45:56","date_gmt":"2018-01-03T14:45:56","guid":{"rendered":"https:\/\/www.eet.bme.hu\/en\/?page_id=1119"},"modified":"2018-01-04T13:27:06","modified_gmt":"2018-01-04T12:27:06","slug":"its","status":"publish","type":"page","link":"https:\/\/www.eet.bme.hu\/en\/rdi\/competences\/its\/","title":{"rendered":"ITS"},"content":{"rendered":"<div class=\"flex_column av_two_third  flex_column_div av-zero-column-padding first  avia-builder-el-0  el_before_av_one_third  avia-builder-el-first  \" style='border-radius:0px; '><div  style='padding-bottom:10px; color:#052a4b;' class='av-special-heading av-special-heading-h1 custom-color-heading blockquote modern-quote  avia-builder-el-1  avia-builder-el-no-sibling  '><h1 class='av-special-heading-tag '  itemprop=\"headline\"  >Integrated Thermal Solutions Research Team<\/h1><div class='special-heading-border'><div class='special-heading-inner-border' style='border-color:#052a4b'><\/div><\/div><\/div><\/div>\n<div class=\"flex_column av_one_third  flex_column_div av-zero-column-padding   avia-builder-el-2  el_after_av_two_third  el_before_av_two_third  \" style='border-radius:0px; '><div  class='avia-image-container  av-styling-    avia-builder-el-3  avia-builder-el-no-sibling  avia-align-center '  itemprop=\"image\" itemscope=\"itemscope\" itemtype=\"https:\/\/schema.org\/ImageObject\"  ><div class='avia-image-container-inner'><div class='avia-image-overlay-wrap'><img class='wp-image-1092 avia-img-lazy-loading-not-1092 avia_image' src='https:\/\/www.eet.bme.hu\/wp-content\/uploads\/2017\/10\/AMM2BP-300x218.jpg' alt='' title='AMM2BP' height=\"218\" width=\"300\"  itemprop=\"thumbnailUrl\"  \/><\/div><\/div><\/div><\/div>\n<div class=\"flex_column av_two_third  flex_column_div av-zero-column-padding first  avia-builder-el-4  el_after_av_one_third  el_before_av_one_third  column-top-margin\" style='border-radius:0px; '><div  class=\"tabcontainer   top_tab   avia-builder-el-5  avia-builder-el-no-sibling \" role=\"tablist\">\n\n<section class=\"av_tab_section\"  itemscope=\"itemscope\" itemtype=\"https:\/\/schema.org\/CreativeWork\" ><div aria-controls=\"tab-id-1-content\" role=\"tab\" tabindex=\"0\" data-fake-id=\"#tab-id-1\" class=\"tab active_tab\"  itemprop=\"headline\" >Integrated microscale cooling structures<\/div>\n<div id=\"tab-id-1-content\" class=\"tab_content active_tab_content\" aria-hidden=\"false\">\n<div class=\"tab_inner_content invers-color\"  itemprop=\"text\" >\n<div id=\"attachment_1137\" style=\"width: 302px\" class=\"wp-caption aligncenter\"><a href=\"https:\/\/www.eet.bme.hu\/wp-content\/uploads\/2018\/01\/cooler.png\"><img aria-describedby=\"caption-attachment-1137\" loading=\"lazy\" class=\"wp-image-1137 size-full\" src=\"https:\/\/www.eet.bme.hu\/wp-content\/uploads\/2018\/01\/cooler.png\" alt=\"\" width=\"292\" height=\"217\" \/><\/a><p id=\"caption-attachment-1137\" class=\"wp-caption-text\">First generation integrated microscale heatsink structure<\/p><\/div>\n\n<\/div>\n<\/div>\n<\/section>\n\n<section class=\"av_tab_section\"  itemscope=\"itemscope\" itemtype=\"https:\/\/schema.org\/CreativeWork\" ><div aria-controls=\"tab-id-2-content\" role=\"tab\" tabindex=\"0\" data-fake-id=\"#tab-id-2\" class=\"tab \"  itemprop=\"headline\" >Injection locked oscillators<\/div>\n<div id=\"tab-id-2-content\" class=\"tab_content \" aria-hidden=\"true\">\n<div class=\"tab_inner_content invers-color\"  itemprop=\"text\" >\n<p style=\"text-align: justify;\">Frequency dividers are widely used in high-frequency digital (for example System-On-a-Chip) and analog radio frequency circuits. In telecommunications frequency dividers are most often used to synthesize the carrier signal accurately and fast. The carrier signals are turned out by so called frequency-synthesizers (for example PLL \u2013 Phase Locked Loop) which crucially includes frequency dividers. Low consumption, the ability to change the division ratio fast during the operation (even some thousand times per second, for example BlueTooth 1600 times per second) and robust operation is prominently important.<\/p>\n<p style=\"text-align: justify;\">As the integrity and the frequency of the digital integrated circuits have raised, new demands and expectations appeared. Since the area of the chips have continuously grown, the importance of the ability to use clock signals with different frequency at different locations on the chip have raised. Because of this, the clock signal synthesizer centers have to be able to produce signals with dynamically changeable frequency.<\/p>\n<p style=\"text-align: justify;\">The biggest challenge is to reduce the consumption of the circuits, because as the running frequencies of the integrated circuits raise, their dissipation raises as well, which leads to higher temperatures of the circuits during the running. When the temperature of the circuit increases, the operating points and threshold voltages of the transistors change, which leads to the changing of the delays in the digital circuits and it can cause failures in the operation.<\/p>\n<p style=\"text-align: justify;\">For these new challenges, using Injection Locked Oscillator (ILO) circuits can be a solution. The ILO circuits appeared in the past decade and still an active field of researches.<\/p>\n<div id=\"attachment_1124\" style=\"width: 310px\" class=\"wp-caption aligncenter\"><a href=\"https:\/\/www.eet.bme.hu\/wp-content\/uploads\/2018\/01\/frekoszt\u00f3.png\"><img aria-describedby=\"caption-attachment-1124\" loading=\"lazy\" class=\"wp-image-1124 size-medium\" src=\"https:\/\/www.eet.bme.hu\/wp-content\/uploads\/2018\/01\/frekoszt\u00f3-300x249.png\" alt=\"\" width=\"300\" height=\"249\" srcset=\"https:\/\/www.eet.bme.hu\/wp-content\/uploads\/2018\/01\/frekoszt\u00f3-300x249.png 300w, https:\/\/www.eet.bme.hu\/wp-content\/uploads\/2018\/01\/frekoszt\u00f3-450x374.png 450w, https:\/\/www.eet.bme.hu\/wp-content\/uploads\/2018\/01\/frekoszt\u00f3.png 455w\" sizes=\"(max-width: 300px) 100vw, 300px\" \/><\/a><p id=\"caption-attachment-1124\" class=\"wp-caption-text\"><em>CMOS ring-oscillator with enabling input<\/em><\/p><\/div>\n<p style=\"text-align: justify;\">In our work I present the architecture and the functioning of different frequency divider circuits especially focusing on the ILOs. The goal of this work is to design an ILO that will be able to lock on the incoming highfrequency signal and can divide its frequency with the given division ratio. Furthermore, we design an ILO that can be connected to digital circuits to create a frequency divider with adjustable division ratio. During our\u00a0 research we will make on effort on reducing the effect of the deviation of the transistor parameters and the changing of the temperature to consider the design for manufacturability. Taking into account of the previous points we minimize the power consumption of the ILO to create a widely useable circuit.<\/p>\n<p style=\"text-align: justify;\">During our research we use the Cadence 6 integrated circuit design framework with the Austria Micro Systems 350 nm and 180 nm technologies.<\/p>\n\n<\/div>\n<\/div>\n<\/section>\n\n<section class=\"av_tab_section\"  itemscope=\"itemscope\" itemtype=\"https:\/\/schema.org\/CreativeWork\" ><div aria-controls=\"tab-id-3-content\" role=\"tab\" tabindex=\"0\" data-fake-id=\"#tab-id-3\" class=\"tab \"  itemprop=\"headline\" >CFD and multiphysical simulation<\/div>\n<div id=\"tab-id-3-content\" class=\"tab_content \" aria-hidden=\"true\">\n<div class=\"tab_inner_content invers-color\"  itemprop=\"text\" >\n<p>Tab Content goes here<\/p>\n\n<\/div>\n<\/div>\n<\/section>\n\n<\/div><\/div>\n<div class=\"flex_column av_one_third  flex_column_div av-zero-column-padding   avia-builder-el-6  el_after_av_two_third  avia-builder-el-last  column-top-margin\" style='border-radius:0px; '><p><div  style='padding-bottom:10px; ' class='av-special-heading av-special-heading-h3 custom-color-heading   avia-builder-el-7  el_before_av_iconlist  avia-builder-el-first  '><h3 class='av-special-heading-tag '  itemprop=\"headline\"  >Our team<\/h3><div class='special-heading-border'><div class='special-heading-inner-border' ><\/div><\/div><\/div><br \/>\n<div  class='avia-icon-list-container   avia-builder-el-8  el_after_av_heading  avia-builder-el-last '><ul class='avia-icon-list avia-icon-list-left av-iconlist-small avia_animate_when_almost_visible avia-iconlist-animate'>\n<li><div  class='iconlist_icon  avia-font-entypo-fontello'><span class='iconlist-char ' aria-hidden='true' data-av_icon='\ue80a' data-av_iconfont='entypo-fontello'><\/span><\/div><article class=\"article-icon-entry \"  itemscope=\"itemscope\" itemtype=\"https:\/\/schema.org\/CreativeWork\" ><div class='iconlist_content_wrap'><header class=\"entry-content-header\"><div class='av_iconlist_title iconlist_title_small   '  itemprop=\"headline\"  ><a href='\/?page_id=87&amp;id=bognar' title='Gy\u00f6rgy Bogn\u00e1r, PhD'>Gy\u00f6rgy Bogn\u00e1r, PhD<\/a><\/div><\/header><div class='iconlist_content  '  itemprop=\"text\"  ><p>Venerable team leader<\/p>\n<\/div><\/div><footer class=\"entry-footer\"><\/footer><\/article><div class='iconlist-timeline'><\/div><\/li>\n<li><div  class='iconlist_icon  avia-font-entypo-fontello'><span class='iconlist-char ' aria-hidden='true' data-av_icon='\ue80a' data-av_iconfont='entypo-fontello'><\/span><\/div><article class=\"article-icon-entry \"  itemscope=\"itemscope\" itemtype=\"https:\/\/schema.org\/CreativeWork\" ><div class='iconlist_content_wrap'><header class=\"entry-content-header\"><div class='av_iconlist_title iconlist_title_small   '  itemprop=\"headline\"  ><a href='\/?page_id=87&amp;id=takacs' title='G\u00e1bor Tak\u00e1cs'>G\u00e1bor Tak\u00e1cs<\/a><\/div><\/header><div class='iconlist_content  '  itemprop=\"text\"  ><p>Measurement and modelling<\/p>\n<\/div><\/div><footer class=\"entry-footer\"><\/footer><\/article><div class='iconlist-timeline'><\/div><\/li>\n<li><div  class='iconlist_icon  avia-font-entypo-fontello'><span class='iconlist-char ' aria-hidden='true' data-av_icon='\ue80a' data-av_iconfont='entypo-fontello'><\/span><\/div><article class=\"article-icon-entry \"  itemscope=\"itemscope\" itemtype=\"https:\/\/schema.org\/CreativeWork\" ><div class='iconlist_content_wrap'><header class=\"entry-content-header\"><div class='av_iconlist_title iconlist_title_small   '  itemprop=\"headline\"  ><a href='\/?page_id=87&amp;id=szabop' title='P\u00e9ter G\u00e1bor Szab\u00f3, PhD'>P\u00e9ter G\u00e1bor Szab\u00f3, PhD<\/a><\/div><\/header><div class='iconlist_content  '  itemprop=\"text\"  ><p>Numerical simulation and modelling<\/p>\n<\/div><\/div><footer class=\"entry-footer\"><\/footer><\/article><div class='iconlist-timeline'><\/div><\/li>\n<li><div  class='iconlist_icon  avia-font-entypo-fontello'><span class='iconlist-char ' aria-hidden='true' data-av_icon='\ue80a' data-av_iconfont='entypo-fontello'><\/span><\/div><article class=\"article-icon-entry \"  itemscope=\"itemscope\" itemtype=\"https:\/\/schema.org\/CreativeWork\" ><div class='iconlist_content_wrap'><header class=\"entry-content-header\"><div class='av_iconlist_title iconlist_title_small   '  itemprop=\"headline\"  ><a href='\/?page_id=87&amp;id=pohl' title='L\u00e1szl\u00f3 Pohl, PhD'>L\u00e1szl\u00f3 Pohl, PhD<\/a><\/div><\/header><div class='iconlist_content  '  itemprop=\"text\"  ><p>Modelling and simulation<\/p>\n<\/div><\/div><footer class=\"entry-footer\"><\/footer><\/article><div class='iconlist-timeline'><\/div><\/li>\n<li><div  class='iconlist_icon  avia-font-entypo-fontello'><span class='iconlist-char ' aria-hidden='true' data-av_icon='\ue80c' data-av_iconfont='entypo-fontello'><\/span><\/div><article class=\"article-icon-entry \"  itemscope=\"itemscope\" itemtype=\"https:\/\/schema.org\/CreativeWork\" ><div class='iconlist_content_wrap'><header class=\"entry-content-header\"><div class='av_iconlist_title iconlist_title_small   '  itemprop=\"headline\"  >D\u00e1vid Szele<\/div><\/header><div class='iconlist_content  '  itemprop=\"text\"  ><p>BSc student<\/p>\n<\/div><\/div><footer class=\"entry-footer\"><\/footer><\/article><div class='iconlist-timeline'><\/div><\/li>\n<li><div  class='iconlist_icon  avia-font-entypo-fontello'><span class='iconlist-char ' aria-hidden='true' data-av_icon='\ue80a' data-av_iconfont='entypo-fontello'><\/span><\/div><article class=\"article-icon-entry \"  itemscope=\"itemscope\" itemtype=\"https:\/\/schema.org\/CreativeWork\" ><div class='iconlist_content_wrap'><header class=\"entry-content-header\"><div class='av_iconlist_title iconlist_title_small   '  itemprop=\"headline\"  >M\u00e1t\u00e9 Bencze<\/div><\/header><div class='iconlist_content  '  itemprop=\"text\"  ><p>MSc student<\/p>\n<\/div><\/div><footer class=\"entry-footer\"><\/footer><\/article><div class='iconlist-timeline'><\/div><\/li>\n<\/ul><\/div><\/p><\/div>\n","protected":false},"excerpt":{"rendered":"","protected":false},"author":12,"featured_media":0,"parent":150,"menu_order":0,"comment_status":"closed","ping_status":"closed","template":"","meta":[],"_links":{"self":[{"href":"https:\/\/www.eet.bme.hu\/en\/wp-json\/wp\/v2\/pages\/1119"}],"collection":[{"href":"https:\/\/www.eet.bme.hu\/en\/wp-json\/wp\/v2\/pages"}],"about":[{"href":"https:\/\/www.eet.bme.hu\/en\/wp-json\/wp\/v2\/types\/page"}],"author":[{"embeddable":true,"href":"https:\/\/www.eet.bme.hu\/en\/wp-json\/wp\/v2\/users\/12"}],"replies":[{"embeddable":true,"href":"https:\/\/www.eet.bme.hu\/en\/wp-json\/wp\/v2\/comments?post=1119"}],"version-history":[{"count":0,"href":"https:\/\/www.eet.bme.hu\/en\/wp-json\/wp\/v2\/pages\/1119\/revisions"}],"up":[{"embeddable":true,"href":"https:\/\/www.eet.bme.hu\/en\/wp-json\/wp\/v2\/pages\/150"}],"wp:attachment":[{"href":"https:\/\/www.eet.bme.hu\/en\/wp-json\/wp\/v2\/media?parent=1119"}],"curies":[{"name":"wp","href":"https:\/\/api.w.org\/{rel}","templated":true}]}}