{"id":142,"date":"2015-02-27T01:18:01","date_gmt":"2015-02-27T01:18:01","guid":{"rendered":"https:\/\/www.eet.bme.hu\/?page_id=142"},"modified":"2015-11-12T11:04:14","modified_gmt":"2015-11-12T11:04:14","slug":"contact","status":"publish","type":"page","link":"https:\/\/www.eet.bme.hu\/en\/rolunk\/contact\/","title":{"rendered":"Contact"},"content":{"rendered":"<p><strong>Address<\/strong>:<\/p>\n<p>Budapest University of Technology and Economics<br \/>\nDepartment of Electron Devices<br \/>\nInfopark<br \/>\nMagyar tud\u00f3sok k\u00f6r\u00fatja 2,<br \/>\nBuilding Q, section B, 3rd floor<br \/>\nBudapest, H-1117, Hungary<\/p>\n<p><strong>Telephone<\/strong>: +36-1-463-2702<\/p>\n<p><strong>Fax<\/strong>: +36-1-463-2973<\/p>\n<p><a href=\"https:\/\/www.eet.bme.hu\/en\/staff\/\">Staff<\/a><\/p>\n<p><strong>Rooms of the department<br \/>\n<\/strong><\/p>\n<p><a href=\"https:\/\/www.eet.bme.hu\/wp-content\/uploads\/2015\/02\/q3_900.png\"><img loading=\"lazy\" class=\"alignnone size-medium wp-image-330\" src=\"https:\/\/www.eet.bme.hu\/wp-content\/uploads\/2015\/02\/q3_900-300x79.png\" alt=\"q3_900\" width=\"300\" height=\"79\" srcset=\"https:\/\/www.eet.bme.hu\/wp-content\/uploads\/2015\/02\/q3_900-300x79.png 300w, https:\/\/www.eet.bme.hu\/wp-content\/uploads\/2015\/02\/q3_900-705x185.png 705w, https:\/\/www.eet.bme.hu\/wp-content\/uploads\/2015\/02\/q3_900-450x118.png 450w, https:\/\/www.eet.bme.hu\/wp-content\/uploads\/2015\/02\/q3_900.png 900w\" sizes=\"(max-width: 300px) 100vw, 300px\" \/><\/a><\/p>\n<p><strong>Map<br \/>\n<\/strong><\/p>\n<p><iframe loading=\"lazy\" style=\"border: 0;\" src=\"https:\/\/www.google.com\/maps\/embed?pb=!1m18!1m12!1m3!1d2317.4708749824354!2d19.057699215625625!3d47.47345278429559!2m3!1f0!2f0!3f0!3m2!1i1024!2i768!4f13.1!3m3!1m2!1s0x4741ddaa3514e031%3A0x22ab4283e147d415!2zQnVkYXBlc3RpIE3FsXN6YWtpIMOpcyBHYXpkYXPDoWd0dWRvbcOhbnlpIEVneWV0ZW0gUSDDqXDDvGxldA!5e1!3m2!1shu!2shu!4v1446736774381\" width=\"800\" height=\"600\" frameborder=\"0\" allowfullscreen=\"allowfullscreen\"><\/iframe><\/p>\n","protected":false},"excerpt":{"rendered":"<p>Address: Budapest University of Technology and Economics Department of Electron Devices Infopark Magyar tud\u00f3sok k\u00f6r\u00fatja 2, Building Q, section B, 3rd floor Budapest, H-1117, Hungary Telephone: +36-1-463-2702 Fax: +36-1-463-2973 Staff Rooms of the department Map<\/p>\n","protected":false},"author":6,"featured_media":0,"parent":171,"menu_order":0,"comment_status":"closed","ping_status":"open","template":"","meta":[],"_links":{"self":[{"href":"https:\/\/www.eet.bme.hu\/en\/wp-json\/wp\/v2\/pages\/142"}],"collection":[{"href":"https:\/\/www.eet.bme.hu\/en\/wp-json\/wp\/v2\/pages"}],"about":[{"href":"https:\/\/www.eet.bme.hu\/en\/wp-json\/wp\/v2\/types\/page"}],"author":[{"embeddable":true,"href":"https:\/\/www.eet.bme.hu\/en\/wp-json\/wp\/v2\/users\/6"}],"replies":[{"embeddable":true,"href":"https:\/\/www.eet.bme.hu\/en\/wp-json\/wp\/v2\/comments?post=142"}],"version-history":[{"count":0,"href":"https:\/\/www.eet.bme.hu\/en\/wp-json\/wp\/v2\/pages\/142\/revisions"}],"up":[{"embeddable":true,"href":"https:\/\/www.eet.bme.hu\/en\/wp-json\/wp\/v2\/pages\/171"}],"wp:attachment":[{"href":"https:\/\/www.eet.bme.hu\/en\/wp-json\/wp\/v2\/media?parent=142"}],"curies":[{"name":"wp","href":"https:\/\/api.w.org\/{rel}","templated":true}]}}