{"id":144,"date":"2015-02-27T01:19:09","date_gmt":"2015-02-27T01:19:09","guid":{"rendered":"https:\/\/www.eet.bme.hu\/?page_id=144"},"modified":"2019-09-16T12:46:57","modified_gmt":"2019-09-16T10:46:57","slug":"news","status":"publish","type":"page","link":"https:\/\/www.eet.bme.hu\/en\/news\/","title":{"rendered":"News"},"content":{"rendered":"<div  class='av-alb-blogposts template-blog  '  itemscope=\"itemscope\" itemtype=\"https:\/\/schema.org\/Blog\" ><article class='post-entry post-entry-type-standard post-entry-3244 post-loop-1 post-parity-odd single-big  post-3244 post type-post status-publish format-standard hentry'  itemscope=\"itemscope\" itemtype=\"https:\/\/schema.org\/BlogPosting\" ><div class='blog-meta'><\/div><div class='entry-content-wrapper clearfix standard-content'><header class=\"entry-content-header\"><h2 class='post-title entry-title '  itemprop=\"headline\" >\t<a href='https:\/\/www.eet.bme.hu\/en\/2026\/01\/12\/demonstratori-palyazat-programozas-c-2026-tavasz\/' rel='bookmark' title='Permanent Link: Demonstr\u00e1tori p\u00e1ly\u00e1zat \u2013 Programoz\u00e1s (C++) \u2013 2026. tavasz'>Demonstr\u00e1tori p\u00e1ly\u00e1zat \u2013 Programoz\u00e1s (C++) \u2013 2026. tavasz\t\t\t<span class='post-format-icon minor-meta'><\/span>\t<\/a><\/h2><span class='post-meta-infos'><time class='date-container minor-meta updated' >2026.01.12.<\/time><span class='text-sep text-sep-date'>\/<\/span><span class=\"blog-categories minor-meta\">in  <\/span><span class=\"text-sep text-sep-cat\">\/<\/span><span class=\"blog-author minor-meta\">by <span class=\"entry-author-link\"  itemprop=\"author\" ><span class=\"author\"><span class=\"fn\"><a href=\"https:\/\/www.eet.bme.hu\/en\/author\/pohl\/\" title=\"Posts by L\u00e1szl\u00f3 Pohl\" rel=\"author\">L\u00e1szl\u00f3 Pohl<\/a><\/span><\/span><\/span><\/span><\/span><\/header><div class=\"entry-content\"  itemprop=\"text\" >\n<h1>Demonstr\u00e1tori p\u00e1ly\u00e1zat<\/h1>\n\n\n\n<p>A BME VIK az Elektronikus Eszk\u00f6z\u00f6k Tansz\u00e9ke sz\u00e1m\u00e1ra demonstr\u00e1tori p\u00e1ly\u00e1zatot hirdet a 2025\/26 tan\u00e9v tavaszi f\u00e9l\u00e9v\u00e9re A programoz\u00e1s alapjai 2. (C++ programoz\u00e1s) t\u00e1rgyb\u00f3l.<\/p>\n\n\n\n<p>A demonstr\u00e1tor feladata &nbsp;&nbsp;&nbsp;&nbsp;&nbsp;&nbsp;&nbsp;&nbsp;&nbsp;&nbsp;&nbsp;<br>(a) kezd\u0151 demonstr\u00e1tor eset\u00e9n heti egy 2 \u00f3r\u00e1s C++ labor megtart\u00e1sa, &nbsp;&nbsp;&nbsp;<br>(b) legal\u00e1bb 1 \u00e9v tapasztalattal rendelkez\u0151 demonstr\u00e1tor eset\u00e9n egy vagy t\u00f6bb 2 \u00f3r\u00e1s C++ labor megtart\u00e1sa,<br>tov\u00e1bb\u00e1 (mindenki sz\u00e1m\u00e1ra) r\u00e9szv\u00e9tel a nagy ZH-k jav\u00edt\u00e1s\u00e1ban.<\/p>\n\n\n\n<p>A p\u00e1ly\u00e1zatra jelentkezhet, aki<\/p>\n\n\n\n<ul><li>a BME-vel akt\u00edv alap-, mester- vagy osztatlan k\u00e9pz\u00e9ses hallgat\u00f3i jogviszonyban \u00e1ll. (Akt\u00edv f\u00e9l\u00e9ven lesz BSc vagy MSc k\u00e9pz\u00e9sben a BME-n a 2026. tavaszi f\u00e9l\u00e9vben.)<\/li><li>Vagy (a) rendelkezik alapk\u00e9pz\u00e9sben vagy osztatlan k\u00e9pz\u00e9sben szerzett oklev\u00e9llel, vagy (b) legyen legal\u00e1bb annyiszor 25 kreditje, ah\u00e1ny lez\u00e1rt f\u00e9l\u00e9ve van \u00e9s halmozott s\u00falyozott \u00e1tlaga haladja meg a 3,50-et.<\/li><li>Nem \u00e1ll fegyelmi b\u00fcntet\u00e9s hat\u00e1lya alatt.<\/li><\/ul>\n\n\n\n<p>Jogok \u00e9s k\u00f6telezetts\u00e9gek<\/p>\n\n\n\n<ul><li>A demonstr\u00e1tori tev\u00e9kenys\u00e9g akkor sikeres, ha azt a Tansz\u00e9kvezet\u0151 annak min\u0151s\u00edtette.<\/li><li>A demonstr\u00e1tort megilletik az oktat\u00f3k jogai \u00e9s terhelik az oktat\u00f3k k\u00f6telezetts\u00e9gei.<\/li><li>A sikeres demonstr\u00e1tori tev\u00e9kenys\u00e9gr\u0151l a hallgat\u00f3 igazol\u00e1st k\u00e9rhet.<\/li><li>Amennyiben a demonstr\u00e1tor tanulm\u00e1nyait vagy demonstr\u00e1tori k\u00f6telezetts\u00e9geit elhanyagolja, illetve azoknak nem tesz eleget, tov\u00e1bb\u00e1, ha egyetemi hallgat\u00f3khoz nem m\u00e9lt\u00f3 magatart\u00e1st tan\u00fas\u00edt, megb\u00edz\u00e1sa visszavon\u00e1sra ker\u00fclhet.<\/li><\/ul>\n\n\n\n<p>D\u00edjaz\u00e1s<\/p>\n\n\n\n<ul><li>A demonstr\u00e1torral az Egyetem hallgat\u00f3i munkaszerz\u0151d\u00e9st k\u00f6t.<\/li><li>A demonstr\u00e1tori tev\u00e9kenys\u00e9g\u00e9rt az Nftv. 44. \u00a7-\u00e1ban foglaltak szerint munkad\u00edj fizetend\u0151. \u00d6sszege 2026-ben, heti 2 \u00f3ra (azaz 1 db labor) tart\u00e1sa eset\u00e9n \u00f6sszesen brutt\u00f3 100 eFt a teljes f\u00e9l\u00e9vre, mely egy vagy t\u00f6bb r\u00e9szletben ker\u00fcl kifizet\u00e9sre.<\/li><\/ul>\n\n\n\n<p>Hat\u00e1rid\u0151k<\/p>\n\n\n\n<ul><li>A p\u00e1ly\u00e1zat bead\u00e1si hat\u00e1rideje 2026. febru\u00e1r 2. (Vigy\u00e1zz! Nem ugyanaz, mint a m\u00e1sik p\u00e1ly\u00e1zatban!) A p\u00e1ly\u00e1zat elektronikusan k\u00fcldhet\u0151 be a <a href=\"mailto:pohl.laszlo@vik.bme.hu\"><a href=\"mailto:p%6f%68l.l%61s%7al%6f%40&#118;&#105;&#107;%2e&#98;m&#101;&#46;&#104;u\">&#112;&#111;&#104;&#108;&#46;lasz&#108;o&#64;&#118;&#105;k&#46;bme&#46;hu<\/a><\/a> c\u00edmre Pohl L\u00e1szl\u00f3nak c\u00edmezve. A p\u00e1ly\u00e1zni lehet a mell\u00e9kelt adatlap kit\u00f6lt\u00e9s\u00e9vel, vagy ett\u0151l elt\u00e9r\u0151 form\u00e1tum\u00fa, de legal\u00e1bb a mell\u00e9kelt adatlapon szerepl\u0151 adatokat tartalmaz\u00f3 p\u00e1ly\u00e1zati dokumentum bek\u00fcld\u00e9s\u00e9vel.<\/li><\/ul>\n\n\n\n<div class=\"wp-block-file\"><a href=\"https:\/\/www.eet.bme.hu\/wp-content\/uploads\/2026\/01\/Demonstratori_palyazati_lap_2026_tavasz.docx\">Demonstratori_palyazati_lap_2026_tavasz<\/a><a href=\"https:\/\/www.eet.bme.hu\/wp-content\/uploads\/2026\/01\/Demonstratori_palyazati_lap_2026_tavasz.docx\" class=\"wp-block-file__button\" download>Let\u00f6lt\u00e9s<\/a><\/div>\n<\/div><footer class=\"entry-footer\"><\/footer><div class='post_delimiter'><\/div><\/div><div class='post_author_timeline'><\/div><span class='hidden'>\n\t\t\t\t<span class='av-structured-data'  itemprop=\"image\" itemscope=\"itemscope\" itemtype=\"https:\/\/schema.org\/ImageObject\" >\n\t\t\t\t\t\t<span itemprop='url'>\/wp-content\/uploads\/2015\/03\/logo.png<\/span>\n\t\t\t\t\t\t<span itemprop='height'>0<\/span>\n\t\t\t\t\t\t<span itemprop='width'>0<\/span>\n\t\t\t\t<\/span>\n\t\t\t\t<span class='av-structured-data'  itemprop=\"publisher\" itemtype=\"https:\/\/schema.org\/Organization\" itemscope=\"itemscope\" >\n\t\t\t\t\t\t<span itemprop='name'>L\u00e1szl\u00f3 Pohl<\/span>\n\t\t\t\t\t\t<span itemprop='logo' itemscope itemtype='https:\/\/schema.org\/ImageObject'>\n\t\t\t\t\t\t\t<span itemprop='url'>\/wp-content\/uploads\/2015\/03\/logo.png<\/span>\n\t\t\t\t\t\t <\/span>\n\t\t\t\t<\/span><span class='av-structured-data'  itemprop=\"author\" itemscope=\"itemscope\" itemtype=\"https:\/\/schema.org\/Person\" ><span itemprop='name'>L\u00e1szl\u00f3 Pohl<\/span><\/span><span class='av-structured-data'  itemprop=\"datePublished\" datetime=\"2026-01-12T11:12:19+01:00\" >2026-01-12 11:12:19<\/span><span class='av-structured-data'  itemprop=\"dateModified\" itemtype=\"https:\/\/schema.org\/dateModified\" >2026-01-12 11:48:20<\/span><span class='av-structured-data'  itemprop=\"mainEntityOfPage\" itemtype=\"https:\/\/schema.org\/mainEntityOfPage\" ><span itemprop='name'>Demonstr\u00e1tori p\u00e1ly\u00e1zat \u2013 Programoz\u00e1s (C++) \u2013 2026. tavasz<\/span><\/span><\/span><\/article><article class='post-entry post-entry-type-standard post-entry-3241 post-loop-2 post-parity-even single-big  post-3241 post type-post status-publish format-standard hentry'  itemscope=\"itemscope\" itemtype=\"https:\/\/schema.org\/BlogPosting\" ><div class='blog-meta'><\/div><div class='entry-content-wrapper clearfix standard-content'><header class=\"entry-content-header\"><h2 class='post-title entry-title '  itemprop=\"headline\" >\t<a href='https:\/\/www.eet.bme.hu\/en\/2026\/01\/12\/demonstratori-palyazat-c11-es-c11-programozas-tananyagkorszerusites-2026-tavasz\/' rel='bookmark' title='Permanent Link: Demonstr\u00e1tori p\u00e1ly\u00e1zat \u2013 C11 \u00e9s C++11 programoz\u00e1s tananyagkorszer\u0171s\u00edt\u00e9s \u2013 2026. tavasz'>Demonstr\u00e1tori p\u00e1ly\u00e1zat \u2013 C11 \u00e9s C++11 programoz\u00e1s tananyagkorszer\u0171s\u00edt\u00e9s \u2013 2026. tavasz\t\t\t<span class='post-format-icon minor-meta'><\/span>\t<\/a><\/h2><span class='post-meta-infos'><time class='date-container minor-meta updated' >2026.01.12.<\/time><span class='text-sep text-sep-date'>\/<\/span><span class=\"blog-categories minor-meta\">in  <\/span><span class=\"text-sep text-sep-cat\">\/<\/span><span class=\"blog-author minor-meta\">by <span class=\"entry-author-link\"  itemprop=\"author\" ><span class=\"author\"><span class=\"fn\"><a href=\"https:\/\/www.eet.bme.hu\/en\/author\/pohl\/\" title=\"Posts by L\u00e1szl\u00f3 Pohl\" rel=\"author\">L\u00e1szl\u00f3 Pohl<\/a><\/span><\/span><\/span><\/span><\/span><\/header><div class=\"entry-content\"  itemprop=\"text\" >\n<h1>Demonstr\u00e1tori p\u00e1ly\u00e1zat<\/h1>\n\n\n\n<p>A BME VIK az Elektronikus Eszk\u00f6z\u00f6k Tansz\u00e9ke sz\u00e1m\u00e1ra demonstr\u00e1tori p\u00e1ly\u00e1zatot hirdet a 2025\/26 tan\u00e9v tavaszi f\u00e9l\u00e9v\u00e9re a <em>BMEVIEEAV01 C11 \u00e9s C++11 programoz\u00e1s<\/em> t\u00e1rgy tananyag\u00e1nak korszer\u0171s\u00edt\u00e9s\u00e9re, egy f\u0151 r\u00e9sz\u00e9re.<\/p>\n\n\n\n<p>A demonstr\u00e1tor feladata &nbsp;&nbsp;&nbsp;&nbsp;&nbsp;&nbsp;&nbsp;&nbsp;&nbsp;&nbsp;&nbsp;<br>A C++ 2020-as, 2023-as \u00e9s 2026-os szabv\u00e1nyaival beker\u00fclt l\u00e9nyeges \u00faj nyelvi elemek be\u00e9p\u00edt\u00e9se a tananyagba, illetve az ezen m\u00f3dos\u00edt\u00e1sok \u00e1ltal hozott szeml\u00e9letv\u00e1ltoz\u00e1sokhoz illeszked\u0151 tananyag kialak\u00edt\u00e1sa. A tananyagfejleszt\u00e9s sor\u00e1n egyes el\u0151ad\u00e1s \u00e9s laboranyagok m\u00f3dosulnak vagy teljesen le is cser\u00e9l\u0151dhetnek, illetve olyan kieg\u00e9sz\u00edt\u0151 anyagok keletkezhetnek, amelyek felker\u00fclnek a port\u00e1lra, de id\u0151hi\u00e1ny miatt nem k\u00e9pezik az el\u0151ad\u00e1sok ill. laborok szerves r\u00e9sz\u00e9t.<\/p>\n\n\n\n<p>A p\u00e1ly\u00e1zatra jelentkezhet, aki<\/p>\n\n\n\n<ul><li>M\u00e1r sikeresen teljes\u00edtette a <em>BMEVIEEAV01<\/em> <em>C11 \u00e9s C++11 programoz\u00e1s<\/em> tant\u00e1rgyat.<\/li><li>Akt\u00edv f\u00e9l\u00e9ven lesz BSc vagy MSc k\u00e9pz\u00e9sben a BME-n a 2026. tavaszi f\u00e9l\u00e9vben. <\/li><li>Vagy (a) rendelkezik alapk\u00e9pz\u00e9sben vagy osztatlan k\u00e9pz\u00e9sben szerzett oklev\u00e9llel, vagy (b) legyen legal\u00e1bb annyiszor 25 kreditje, ah\u00e1ny lez\u00e1rt f\u00e9l\u00e9ve van \u00e9s halmozott s\u00falyozott \u00e1tlaga haladja meg a 3,50-et.<\/li><li>nem \u00e1ll fegyelmi b\u00fcntet\u00e9s hat\u00e1lya alatt.<\/li><\/ul>\n\n\n\n<p>Jogok \u00e9s k\u00f6telezetts\u00e9gek<\/p>\n\n\n\n<ul><li>A demonstr\u00e1tori tev\u00e9kenys\u00e9g akkor sikeres, ha azt a Tansz\u00e9kvezet\u0151 annak min\u0151s\u00edtette.<\/li><li>A demonstr\u00e1tort megilletik az oktat\u00f3k jogai \u00e9s terhelik az oktat\u00f3k k\u00f6telezetts\u00e9gei.<\/li><li>A sikeres demonstr\u00e1tori tev\u00e9kenys\u00e9gr\u0151l a hallgat\u00f3 igazol\u00e1st k\u00e9rhet.<\/li><li>Amennyiben a demonstr\u00e1tor tanulm\u00e1nyait vagy demonstr\u00e1tori k\u00f6telezetts\u00e9geit elhanyagolja, illetve azoknak nem tesz eleget, tov\u00e1bb\u00e1, ha egyetemi hallgat\u00f3khoz nem m\u00e9lt\u00f3 magatart\u00e1st tan\u00fas\u00edt, megb\u00edz\u00e1sa visszavon\u00e1sra ker\u00fclhet.<\/li><\/ul>\n\n\n\n<p>D\u00edjaz\u00e1s<\/p>\n\n\n\n<ul><li>A demonstr\u00e1torral az Egyetem hallgat\u00f3i munkaszerz\u0151d\u00e9st k\u00f6t.<\/li><li>A demonstr\u00e1tori tev\u00e9kenys\u00e9g\u00e9rt az Nftv. 44. \u00a7-\u00e1ban foglaltak szerint munkad\u00edj fizetend\u0151. \u00d6sszege 2026-ben, heti 2 \u00f3ra (azaz 1 db labor) tart\u00e1sa eset\u00e9n \u00f6sszesen brutt\u00f3 100 eFt a teljes f\u00e9l\u00e9vre, mely egy vagy t\u00f6bb r\u00e9szletben ker\u00fcl kifizet\u00e9sre.<\/li><li>Amennyiben a feladatra t\u00f6bben is jelentkeznek, \u00e9s a jelentkez\u0151k ebben megegyeznek, az egy demonstr\u00e1tornak j\u00e1r\u00f3 d\u00edjon megosztozva k\u00f6z\u00f6sen is v\u00e9gezhetik a feladatot.<\/li><\/ul>\n\n\n\n<p>Hat\u00e1rid\u0151k<\/p>\n\n\n\n<ul><li>A p\u00e1ly\u00e1zat bead\u00e1si hat\u00e1rideje 2026. febru\u00e1r 15. (Vigy\u00e1zz! Nem ugyanaz, mint a m\u00e1sik p\u00e1ly\u00e1zatban!) A p\u00e1ly\u00e1zat elektronikusan k\u00fcldhet\u0151 be a <a href=\"mailto:pohl.laszlo@vik.bme.hu\"><a href=\"mailto:&#112;%6f%68l%2ela%73%7a%6c%6f&#64;%76&#105;&#107;.%62&#109;%65.%68&#117;\">&#112;&#111;h&#108;&#46;&#108;as&#122;l&#111;&#64;&#118;&#105;k&#46;&#98;&#109;e&#46;h&#117;<\/a><\/a> c\u00edmre Pohl L\u00e1szl\u00f3nak c\u00edmezve. A p\u00e1ly\u00e1zni az eddigi C++ tapasztalatokat \u00e9s a tananyaggal kapcsolatos el\u0151zetes terveket r\u00f6viden bemutat\u00f3, valamint a jelentkez\u0151 szem\u00e9lyes adatait (n\u00e9v, Neptun el\u00e9rhet\u0151s\u00e9g, jelenlegi tanulm\u00e1nyok, stb.) tartalmaz\u00f3 lev\u00e9lben lehet.<\/li><\/ul>\n<\/div><footer class=\"entry-footer\"><\/footer><div class='post_delimiter'><\/div><\/div><div class='post_author_timeline'><\/div><span class='hidden'>\n\t\t\t\t<span class='av-structured-data'  itemprop=\"image\" itemscope=\"itemscope\" itemtype=\"https:\/\/schema.org\/ImageObject\" >\n\t\t\t\t\t\t<span itemprop='url'>\/wp-content\/uploads\/2015\/03\/logo.png<\/span>\n\t\t\t\t\t\t<span itemprop='height'>0<\/span>\n\t\t\t\t\t\t<span itemprop='width'>0<\/span>\n\t\t\t\t<\/span>\n\t\t\t\t<span class='av-structured-data'  itemprop=\"publisher\" itemtype=\"https:\/\/schema.org\/Organization\" itemscope=\"itemscope\" >\n\t\t\t\t\t\t<span itemprop='name'>L\u00e1szl\u00f3 Pohl<\/span>\n\t\t\t\t\t\t<span itemprop='logo' itemscope itemtype='https:\/\/schema.org\/ImageObject'>\n\t\t\t\t\t\t\t<span itemprop='url'>\/wp-content\/uploads\/2015\/03\/logo.png<\/span>\n\t\t\t\t\t\t <\/span>\n\t\t\t\t<\/span><span class='av-structured-data'  itemprop=\"author\" itemscope=\"itemscope\" itemtype=\"https:\/\/schema.org\/Person\" ><span itemprop='name'>L\u00e1szl\u00f3 Pohl<\/span><\/span><span class='av-structured-data'  itemprop=\"datePublished\" datetime=\"2026-01-12T11:08:00+01:00\" >2026-01-12 11:08:00<\/span><span class='av-structured-data'  itemprop=\"dateModified\" itemtype=\"https:\/\/schema.org\/dateModified\" >2026-01-12 11:48:34<\/span><span class='av-structured-data'  itemprop=\"mainEntityOfPage\" itemtype=\"https:\/\/schema.org\/mainEntityOfPage\" ><span itemprop='name'>Demonstr\u00e1tori p\u00e1ly\u00e1zat \u2013 C11 \u00e9s C++11 programoz\u00e1s tananyagkorszer\u0171s\u00edt\u00e9s \u2013 2026. tavasz<\/span><\/span><\/span><\/article><article class='post-entry post-entry-type-standard post-entry-3237 post-loop-3 post-parity-odd post-entry-last single-big  post-3237 post type-post status-publish format-standard hentry category-rendezvenyek'  itemscope=\"itemscope\" itemtype=\"https:\/\/schema.org\/BlogPosting\" ><div class='blog-meta'><\/div><div class='entry-content-wrapper clearfix standard-content'><header class=\"entry-content-header\"><h2 class='post-title entry-title '  itemprop=\"headline\" >\t<a href='https:\/\/www.eet.bme.hu\/en\/2025\/09\/04\/ecs-summer-school-2025\/' rel='bookmark' title='Permanent Link: ECS Summer School 2025'>ECS Summer School 2025\t\t\t<span class='post-format-icon minor-meta'><\/span>\t<\/a><\/h2><span class='post-meta-infos'><time class='date-container minor-meta updated' >2025.09.04.<\/time><span class='text-sep text-sep-date'>\/<\/span><span class=\"blog-categories minor-meta\">in <a href=\"https:\/\/www.eet.bme.hu\/category\/rendezvenyek\/\" rel=\"tag\">Rendezv\u00e9nyek<\/a> <\/span><span class=\"text-sep text-sep-cat\">\/<\/span><span class=\"blog-author minor-meta\">by <span class=\"entry-author-link\"  itemprop=\"author\" ><span class=\"author\"><span class=\"fn\"><a href=\"https:\/\/www.eet.bme.hu\/en\/author\/pohl\/\" title=\"Posts by L\u00e1szl\u00f3 Pohl\" rel=\"author\">L\u00e1szl\u00f3 Pohl<\/a><\/span><\/span><\/span><\/span><\/span><\/header><div class=\"entry-content\"  itemprop=\"text\" >\n<p>2025. augusztus 25\u201329. k\u00f6z\u00f6tt rendezt\u00e9k meg a BME-n az ECS (Electronic Components and Systems) Summer School-t. Az \u00f6tnapos k\u00e9pz\u00e9s sor\u00e1n az Eur\u00f3pa minden r\u00e9sz\u00e9r\u0151l ide\u00e9rkezett 40 hallgat\u00f3nak tartottak el\u0151ad\u00e1sokat Eur\u00f3pa vezet\u0151 elektronikai v\u00e1llalatainak k\u00e9pvisel\u0151i a mikroelektronika \u00e9s a be\u00e1gyazott rendszerek t\u00e9mak\u00f6r\u00e9ben. Az ny\u00e1ri iskola programj\u00e1ban az Elektronikus Eszk\u00f6z\u00f6k Tansz\u00e9k\u00e9nek csapata is r\u00e9szt vett az egyetemi f\u00e9lvezet\u0151technol\u00f3giai \u00e9s tisztat\u00e9ri infrastrukt\u00fara, illetve kompetenci\u00e1k bemutat\u00e1s\u00e1val. Tov\u00e1bbi r\u00e9szletek a VIK honlapj\u00e1n: <a href=\"https:\/\/www.vik.bme.hu\/hir\/3516-ecs-summer-school-2025\" target=\"_blank\" rel=\"noreferrer noopener\">https:\/\/www.vik.bme.hu\/hir\/3516-ecs-summer-school-2025<\/a>, valamint a rendezv\u00e9ny honlapj\u00e1n: <a href=\"https:\/\/chipsacademy.eu\/summer-school-2025\/\" target=\"_blank\" rel=\"noreferrer noopener\">https:\/\/chipsacademy.eu\/summer-school-2025\/<\/a>.<\/p>\n<\/div><footer class=\"entry-footer\"><\/footer><div class='post_delimiter'><\/div><\/div><div class='post_author_timeline'><\/div><span class='hidden'>\n\t\t\t\t<span class='av-structured-data'  itemprop=\"image\" itemscope=\"itemscope\" itemtype=\"https:\/\/schema.org\/ImageObject\" >\n\t\t\t\t\t\t<span itemprop='url'>\/wp-content\/uploads\/2015\/03\/logo.png<\/span>\n\t\t\t\t\t\t<span itemprop='height'>0<\/span>\n\t\t\t\t\t\t<span itemprop='width'>0<\/span>\n\t\t\t\t<\/span>\n\t\t\t\t<span class='av-structured-data'  itemprop=\"publisher\" itemtype=\"https:\/\/schema.org\/Organization\" itemscope=\"itemscope\" >\n\t\t\t\t\t\t<span itemprop='name'>L\u00e1szl\u00f3 Pohl<\/span>\n\t\t\t\t\t\t<span itemprop='logo' itemscope itemtype='https:\/\/schema.org\/ImageObject'>\n\t\t\t\t\t\t\t<span itemprop='url'>\/wp-content\/uploads\/2015\/03\/logo.png<\/span>\n\t\t\t\t\t\t <\/span>\n\t\t\t\t<\/span><span class='av-structured-data'  itemprop=\"author\" itemscope=\"itemscope\" itemtype=\"https:\/\/schema.org\/Person\" ><span itemprop='name'>L\u00e1szl\u00f3 Pohl<\/span><\/span><span class='av-structured-data'  itemprop=\"datePublished\" datetime=\"2025-09-04T10:55:44+02:00\" >2025-09-04 10:55:44<\/span><span class='av-structured-data'  itemprop=\"dateModified\" itemtype=\"https:\/\/schema.org\/dateModified\" >2025-09-04 10:58:15<\/span><span class='av-structured-data'  itemprop=\"mainEntityOfPage\" itemtype=\"https:\/\/schema.org\/mainEntityOfPage\" ><span itemprop='name'>ECS Summer School 2025<\/span><\/span><\/span><\/article><div class='single-big'><nav class='pagination'><span class='pagination-meta'>Page 1 of 21<\/span><span class='current'>1<\/span><a href='https:\/\/www.eet.bme.hu\/en\/wp-json\/wp\/v2\/pages\/144\/page\/2\/' class='inactive next_page' >2<\/a><a href='https:\/\/www.eet.bme.hu\/en\/wp-json\/wp\/v2\/pages\/144\/page\/3\/' class='inactive' >3<\/a><a href='https:\/\/www.eet.bme.hu\/en\/wp-json\/wp\/v2\/pages\/144\/page\/2\/'>&rsaquo;<\/a><a href='https:\/\/www.eet.bme.hu\/en\/wp-json\/wp\/v2\/pages\/144\/page\/21\/'>&raquo;<\/a><\/nav>\n<\/div><\/div>\n","protected":false},"excerpt":{"rendered":"","protected":false},"author":6,"featured_media":0,"parent":0,"menu_order":0,"comment_status":"open","ping_status":"open","template":"","meta":[],"_links":{"self":[{"href":"https:\/\/www.eet.bme.hu\/en\/wp-json\/wp\/v2\/pages\/144"}],"collection":[{"href":"https:\/\/www.eet.bme.hu\/en\/wp-json\/wp\/v2\/pages"}],"about":[{"href":"https:\/\/www.eet.bme.hu\/en\/wp-json\/wp\/v2\/types\/page"}],"author":[{"embeddable":true,"href":"https:\/\/www.eet.bme.hu\/en\/wp-json\/wp\/v2\/users\/6"}],"replies":[{"embeddable":true,"href":"https:\/\/www.eet.bme.hu\/en\/wp-json\/wp\/v2\/comments?post=144"}],"version-history":[{"count":0,"href":"https:\/\/www.eet.bme.hu\/en\/wp-json\/wp\/v2\/pages\/144\/revisions"}],"wp:attachment":[{"href":"https:\/\/www.eet.bme.hu\/en\/wp-json\/wp\/v2\/media?parent=144"}],"curies":[{"name":"wp","href":"https:\/\/api.w.org\/{rel}","templated":true}]}}