{"id":152,"date":"2015-02-27T01:21:25","date_gmt":"2015-02-27T01:21:25","guid":{"rendered":"https:\/\/www.eet.bme.hu\/?page_id=152"},"modified":"2019-09-13T18:54:16","modified_gmt":"2019-09-13T16:54:16","slug":"msc-courses","status":"publish","type":"page","link":"https:\/\/www.eet.bme.hu\/en\/education\/msc-courses\/","title":{"rendered":"MSc courses"},"content":{"rendered":"<section class=\"av_textblock_section \"  itemscope=\"itemscope\" itemtype=\"https:\/\/schema.org\/CreativeWork\" ><div class='avia_textblock  '   itemprop=\"text\" ><h1>Smart Systems Integration MSc minor specialization<\/h1>\n<\/div><\/section>\n<\/div><\/div><\/div><!-- close content main div --><\/div><\/div><div id='av_section_1'  class='avia-section main_color avia-section-no-padding avia-no-shadow  avia-bg-style-scroll  avia-builder-el-1  el_after_av_textblock  el_before_av_section   container_wrap sidebar_right' style=' '  ><div class='container' ><div class='template-page content  av-content-small alpha units'><div class='post-entry post-entry-type-page post-entry-152'><div class='entry-content-wrapper clearfix'>\n<div class='flex_column_table av-equal-height-column-flextable -flextable' ><div class=\"flex_column av_one_half  flex_column_table_cell av-equal-height-column av-align-middle av-zero-column-padding first  avia-builder-el-2  el_before_av_one_half  avia-builder-el-first  \" style='border-radius:0px; '><div  class='avia-image-container  av-styling-    avia-builder-el-3  avia-builder-el-no-sibling  avia-align-center '  itemprop=\"image\" itemscope=\"itemscope\" itemtype=\"https:\/\/schema.org\/ImageObject\"  ><div class='avia-image-container-inner'><div class='avia-image-overlay-wrap'><img class='wp-image-1828 avia-img-lazy-loading-not-1828 avia_image' src='https:\/\/www.eet.bme.hu\/wp-content\/uploads\/2019\/09\/msc2fundamentals.jpg' alt='' title='msc2fundamentals' height=\"296\" width=\"386\"  itemprop=\"thumbnailUrl\"  \/><\/div><\/div><\/div><\/div><div class='av-flex-placeholder'><\/div><div class=\"flex_column av_one_half  flex_column_table_cell av-equal-height-column av-align-middle av-zero-column-padding   avia-builder-el-4  el_after_av_one_half  avia-builder-el-last  \" style='border-radius:0px; '><section class=\"av_textblock_section \"  itemscope=\"itemscope\" itemtype=\"https:\/\/schema.org\/CreativeWork\" ><div class='avia_textblock  '   itemprop=\"text\" ><h3 style=\"text-align: justify;\">Fundamentals of Smart Systems<\/h3>\n<p style=\"text-align: justify;\">The course aims to develop a detailed knowledge and critical understanding of Smart Systems technologies and the physics of MEMS devices. A significant range of principal and specialist skills will be developed in the fields of Smart Systems manufacturing technology, and its applications in MEMS and bio-MEMS devices. During the laboratory work the students are getting familiar with the numerical modelling and analysis by the use of a cutting edge simulation tool.<\/p>\n<\/div><\/section><\/div><\/div><!--close column table wrapper. Autoclose: 1 -->\n\n<\/div><\/div><\/div><!-- close content main div --><\/div><\/div><div id='av_section_2'  class='avia-section main_color avia-section-small avia-no-shadow  avia-bg-style-scroll  avia-builder-el-6  el_after_av_section  el_before_av_section   container_wrap sidebar_right' style=' '  ><div class='container' ><div class='template-page content  av-content-small alpha units'><div class='post-entry post-entry-type-page post-entry-152'><div class='entry-content-wrapper clearfix'>\n<div class='flex_column_table av-equal-height-column-flextable -flextable' ><div class=\"flex_column av_one_half  flex_column_table_cell av-equal-height-column av-align-middle av-zero-column-padding first  avia-builder-el-7  el_before_av_one_half  avia-builder-el-first  \" style='border-radius:0px; '><section class=\"av_textblock_section \"  itemscope=\"itemscope\" itemtype=\"https:\/\/schema.org\/CreativeWork\" ><div class='avia_textblock  '   itemprop=\"text\" ><h3 style=\"text-align: justify;\">System-Level Design<\/h3>\n<p style=\"text-align: justify;\">The course gives a wide coverage of the most important hardware description languages for modelling and constructing digital and analog systems and behavioural modelling of MEMS devices.The course presents the questions and methodologies of hardware-software and MEMS-IC co-design, virtual components, intellectual property and system synthesis.<\/p>\n<h3 style=\"text-align: justify;\">Circuit environment<\/h3>\n<p style=\"text-align: justify;\">The scope of the subject is to get the students acquainted with the development of the packaged intelligent devices operating environment, the design software, the modern simulation tools. Deals with the design, testing, simulation steps and gives practical knowledge on their industrial applications. Introduce the theoretical background of the simulations and physical phenomenon.<\/p>\n<\/div><\/section><\/div><div class='av-flex-placeholder'><\/div><div class=\"flex_column av_one_half  flex_column_table_cell av-equal-height-column av-align-middle av-zero-column-padding   avia-builder-el-9  el_after_av_one_half  avia-builder-el-last  \" style='border-radius:0px; '><div  class='avia-image-container  av-styling-    avia-builder-el-10  avia-builder-el-no-sibling  avia-align-center '  itemprop=\"image\" itemscope=\"itemscope\" itemtype=\"https:\/\/schema.org\/ImageObject\"  ><div class='avia-image-container-inner'><div class='avia-image-overlay-wrap'><img class='wp-image-1837 avia-img-lazy-loading-not-1837 avia_image' src='https:\/\/www.eet.bme.hu\/wp-content\/uploads\/2019\/09\/msc2aramkori.jpg' alt='' title='msc2aramkori' height=\"335\" width=\"431\"  itemprop=\"thumbnailUrl\"  \/><\/div><\/div><\/div><\/div><\/div><!--close column table wrapper. Autoclose: 1 --><\/div><\/div><\/div><!-- close content main div --><\/div><\/div><div id='av_section_3'  class='avia-section main_color avia-section-small avia-no-shadow  avia-bg-style-scroll  avia-builder-el-11  el_after_av_section  el_before_av_textblock   container_wrap sidebar_right' style=' '  ><div class='container' ><div class='template-page content  av-content-small alpha units'><div class='post-entry post-entry-type-page post-entry-152'><div class='entry-content-wrapper clearfix'>\n<div class='flex_column_table av-equal-height-column-flextable -flextable' ><div class=\"flex_column av_one_half  flex_column_table_cell av-equal-height-column av-align-middle av-zero-column-padding first  avia-builder-el-12  el_before_av_one_half  avia-builder-el-first  \" style='border-radius:0px; '><div  class='avia-image-container  av-styling-    avia-builder-el-13  avia-builder-el-no-sibling  avia-align-center '  itemprop=\"image\" itemscope=\"itemscope\" itemtype=\"https:\/\/schema.org\/ImageObject\"  ><div class='avia-image-container-inner'><div class='avia-image-overlay-wrap'><img class='wp-image-1830 avia-img-lazy-loading-not-1830 avia_image' src='https:\/\/www.eet.bme.hu\/wp-content\/uploads\/2019\/09\/msc2laboratory.jpg' alt='' title='msc2laboratory' height=\"333\" width=\"499\"  itemprop=\"thumbnailUrl\"  \/><\/div><\/div><\/div><\/div><div class='av-flex-placeholder'><\/div><div class=\"flex_column av_one_half  flex_column_table_cell av-equal-height-column av-align-middle av-zero-column-padding   avia-builder-el-14  el_after_av_one_half  avia-builder-el-last  \" style='border-radius:0px; '><section class=\"av_textblock_section \"  itemscope=\"itemscope\" itemtype=\"https:\/\/schema.org\/CreativeWork\" ><div class='avia_textblock  '   itemprop=\"text\" ><h3 style=\"text-align: justify;\">Smart Systems Design Laboratory<\/h3>\n<p style=\"text-align: justify;\">The laboratory practice covers the complete design flow of IC and MEMS co-design. A workgroup of students are designing a Smart System solution including MEMS sensors and actuators and the relevant CMOS circuitry, using the most up to date simulation and design softwares. The laboratory practice is built on the lecture course of System Level Design.<\/p>\n<\/div><\/section><\/div><\/div><!--close column table wrapper. Autoclose: 1 -->\n<\/div><\/div><\/div><!-- close content main div --><\/div><\/div><div id='after_section_3'  class='main_color av_default_container_wrap container_wrap sidebar_right' style=' '  ><div class='container' ><div class='template-page content  av-content-small alpha units'><div class='post-entry post-entry-type-page post-entry-152'><div class='entry-content-wrapper clearfix'><\/p>\n<section class=\"av_textblock_section \"  itemscope=\"itemscope\" itemtype=\"https:\/\/schema.org\/CreativeWork\" ><div class='avia_textblock  '   itemprop=\"text\" ><div class=\"eet-targy-lista\">\n<ul>\n<li>\n<div class=\"eet-targy-nev\">\n  <strong>Circuit Environment<\/strong>, <a href=\"https:\/\/portal.vik.bme.hu\/kepzes\/targyak\/VIEEMA06\/en\/\">VIEEMA06<\/a>\n<\/div>\n<div>\n  <a href=\"\/en\/staff\/?id=takacs\">Dr. Tak\u00e1cs G\u00e1bor<\/a><\/div>\n<\/li>\n<li>\n<div class=\"eet-targy-nev\">\n  <strong>Fundamentals of Smart Systems<\/strong>, <a href=\"https:\/\/portal.vik.bme.hu\/kepzes\/targyak\/VIEEMA04\/en\/\">VIEEMA04<\/a>\n<\/div>\n<div>\n  <a href=\"\/en\/staff\/?id=szabop\">Dr. Szab\u00f3 P\u00e9ter G\u00e1bor<\/a><\/div>\n<\/li>\n<li>\n<div class=\"eet-targy-nev\">\n  <strong>Smart Systems Design Laboratory<\/strong>, <a href=\"https:\/\/portal.vik.bme.hu\/kepzes\/targyak\/VIEEMB00\/en\/\">VIEEMB00<\/a>\n<\/div>\n<div>\n  <a href=\"\/en\/staff\/?id=szabop\">Dr. Szab\u00f3 P\u00e9ter G\u00e1bor<\/a><\/div>\n<\/li>\n<li>\n<div class=\"eet-targy-nev\">\n  <strong>System Level Design<\/strong>, <a href=\"https:\/\/portal.vik.bme.hu\/kepzes\/targyak\/VIEEMA05\/en\/\">VIEEMA05<\/a>\n<\/div>\n<div>\n  <a href=\"\/en\/staff\/?id=hosszu\">Dr. Hossz\u00fa G\u00e1bor<\/a><\/div>\n<\/li>\n<\/ul>\n<\/div>\n<div class=\"eet-clear\"><\/div>\n<style type='text\/css'>.eet-clear { clear: both; }\n.eet-vissza { float: right; }<\/p>\n<p>.eet-munkatars { display: inline-block; vertical-align: top; width: 320px; min-height: 120px; margin: 0.5em; line-height: 1.4; }\n.eet-munkatars .eet-munkatars-adat { margin-left: 90px; }\n.eet-munkatars .eet-munkatars-nev { text-transform: uppercase; }\n.eet-munkatars .eet-munkatars-foto-kicsi { max-width: 80px; float: left; margin-right: 10px; box-shadow: 0 0 0 1px #c2c2c2; }<\/p>\n<p>.eet-munkatars-egy .eet-munkatars-foto { max-width: 180px; float: left; margin-right: 20px; box-shadow: 0 0 0 1px #c2c2c2; }\n.eet-munkatars-egy .eet-munkatars-szoveg { margin-top: 20px; }<\/p>\n<p>.eet-tema { margin-bottom: 20px; }\n.eet-tema-konzulens { font-size: 90%; }\n.eet-tema-konzulens p { margin-top: 0; margin-bottom: 0; }\n.eet-tema-media img { display: block; margin-left: auto; margin-right: auto; box-shadow: 0 0 0 1px #c2c2c2; }\n.eet-tema-elvarasok { font-size: 90%; font-style: italic; }\n.eet-tema-elvarasok p { margin-top: 0; margin-bottom: 0; }\n.eet-tema-kulso-konzulens { font-size: 90%; font-style: italic; }\n.eet-tema-lista-csoportok { text-transform: uppercase; list-style-type: none !important; margin-left: 0; }\n.eet-tema-lista-csoportok li { margin-left: 0; }<\/p>\n<p>.eet-targy-lista ul { margin-left: 0; }\n.eet-targy-lista strong { color: inherit; }\n.eet-targy-nev { clear: both; }\n.eet-targy-leiras { line-height: 1.4; font-style: italic; }<\/p>\n<p>.eet-targy-kep { display: none; }\n@media screen and (min-width: 640px) {\n  .eet-targy-kep { display: block; float: right; margin: 0.5em 0 0.5em 1em; }\n}\n<\/style>\n<p><\/p>\n<\/div><\/section>\n","protected":false},"excerpt":{"rendered":"","protected":false},"author":6,"featured_media":0,"parent":156,"menu_order":0,"comment_status":"open","ping_status":"open","template":"","meta":[],"_links":{"self":[{"href":"https:\/\/www.eet.bme.hu\/en\/wp-json\/wp\/v2\/pages\/152"}],"collection":[{"href":"https:\/\/www.eet.bme.hu\/en\/wp-json\/wp\/v2\/pages"}],"about":[{"href":"https:\/\/www.eet.bme.hu\/en\/wp-json\/wp\/v2\/types\/page"}],"author":[{"embeddable":true,"href":"https:\/\/www.eet.bme.hu\/en\/wp-json\/wp\/v2\/users\/6"}],"replies":[{"embeddable":true,"href":"https:\/\/www.eet.bme.hu\/en\/wp-json\/wp\/v2\/comments?post=152"}],"version-history":[{"count":0,"href":"https:\/\/www.eet.bme.hu\/en\/wp-json\/wp\/v2\/pages\/152\/revisions"}],"up":[{"embeddable":true,"href":"https:\/\/www.eet.bme.hu\/en\/wp-json\/wp\/v2\/pages\/156"}],"wp:attachment":[{"href":"https:\/\/www.eet.bme.hu\/en\/wp-json\/wp\/v2\/media?parent=152"}],"curies":[{"name":"wp","href":"https:\/\/api.w.org\/{rel}","templated":true}]}}