{"id":183,"date":"2015-02-27T00:48:49","date_gmt":"2015-02-27T00:48:49","guid":{"rendered":"https:\/\/www.eet.bme.hu\/?page_id=183"},"modified":"2019-09-13T17:51:44","modified_gmt":"2019-09-13T15:51:44","slug":"tortenet","status":"publish","type":"page","link":"https:\/\/www.eet.bme.hu\/en\/rolunk\/tortenet\/","title":{"rendered":"History"},"content":{"rendered":"<h1>History of our Department<\/h1>\n<p style=\"text-align: justify;\">In 1958, at the time of creating our department mainly electron tubes aimed for different application fields, different frequency and power ranges were meant underethe term electron devices. By this time, at most of the European universities education on the filed of electron devices was carried out by departments which were mainly specialized in physics, telecommunications or electromagnetic theory, thus, education dedicated solely to electron devices was rare. The need of Tungsram Inc. (nowadays GE Lighting Tungsram) for specialized engineers as well as its educational potential triggered the creation of our department.<\/p>\n<p style=\"text-align: justify;\">By this time Tungsram was the biggest bulb and electron tube factory in Europe, thus students graduating at our department had good job opportunities either in manufacturing or research positions. While most of the R&amp;D projects at our department were financed by Tungsram, the majority of our academic staff gained specific knowledge regarding electron devices at Tungsram. The first head of department, <span style=\"color: #0000ff;\"><strong>Prof. Iv\u00e1n P\u00e9ter Valk\u00f3<\/strong><\/span>, who established the department, was originally a research engineer at Tungsram, specialized in construction of microwave electron tubes and measurement of electron tubes.<\/p>\n<div id=\"attachment_1542\" style=\"width: 214px\" class=\"wp-caption aligncenter\"><img aria-describedby=\"caption-attachment-1542\" loading=\"lazy\" class=\"wp-image-1542 size-medium\" src=\"https:\/\/www.eet.bme.hu\/wp-content\/uploads\/2018\/08\/ValkoIvanPeter-204x300.jpg\" alt=\"\" width=\"204\" height=\"300\" srcset=\"https:\/\/www.eet.bme.hu\/wp-content\/uploads\/2018\/08\/ValkoIvanPeter-204x300.jpg 204w, https:\/\/www.eet.bme.hu\/wp-content\/uploads\/2018\/08\/ValkoIvanPeter.jpg 378w\" sizes=\"(max-width: 204px) 100vw, 204px\" \/><p id=\"caption-attachment-1542\" class=\"wp-caption-text\">Prof. Dr. Iv\u00e1n P\u00e9ter\u00a0Valk\u00f3 (1912-1987)<\/p><\/div>\n<p style=\"text-align: justify;\">Starting from the second half of the 60-ies, the role of electron tubes was taken by transistors and other (discrete) semiconductor devices. This era is characterized at our department by the activity of <span style=\"color: #0000ff;\"><strong>Prof. K\u00e1lm\u00e1n Tarnay<\/strong><\/span> (head of the department between 1977 and 1989) who introduced the education of computer aided design of circuits and semiconductor devices. The activities of both professors were acknowledged by Dr.h.c. (doctor honoris causa) degrees of foreign universities and honorary memberships of foreign scientific organizations.<\/p>\n<div id=\"attachment_1540\" style=\"width: 216px\" class=\"wp-caption aligncenter\"><img aria-describedby=\"caption-attachment-1540\" loading=\"lazy\" class=\"wp-image-1540 size-medium\" src=\"https:\/\/www.eet.bme.hu\/wp-content\/uploads\/2018\/08\/TarnayKalman-206x300.jpg\" alt=\"\" width=\"206\" height=\"300\" srcset=\"https:\/\/www.eet.bme.hu\/wp-content\/uploads\/2018\/08\/TarnayKalman-206x300.jpg 206w, https:\/\/www.eet.bme.hu\/wp-content\/uploads\/2018\/08\/TarnayKalman.jpg 378w\" sizes=\"(max-width: 206px) 100vw, 206px\" \/><p id=\"caption-attachment-1540\" class=\"wp-caption-text\">Prof. Dr. K\u00e1lm\u00e1n Tarnay (1929-1998)<\/p><\/div>\n<p style=\"text-align: justify;\">In the second half of the 80-es Hungarian component manufacturing industry (including semiconductor devices) has greatly declined, that is why enhanced co-operation with other educational institutes and research organizations became vital for us. This change in the history of our department is connected to the name of <a href=\"https:\/\/www.eet.bme.hu\/munkatarsak\/?id=szekely\"><strong>Prof. Vladimir Sz\u00e9kely<\/strong><\/a>, head of department 1990-2005. Vladimir Sz\u00e9kely&#8217;s research activity was first focused on the study of transport phenomena in GaAs devices, study of electro-thermal phenomena and development of CAD tools for semiconductor devices and IC-s. Now his main interest is directed to the study of thermal problems in microlectronics. Under his leadership international co-operation of our department started flourishing, resulting in student mobility projects as well as in participation in numerous research projects supported by e.g. the European Union (TEMPUS, ESPRIT, COPERNICUS). For his outstanding scientific activity he has been elected to be corresponding member of the Hungarian Academy of Sciences in 2004. Our education has been greatly reformed by the introduction of subjects such as Integrated microsystems, Nanotechnology, Sensors and actuators, Optoelectronics, Physics of interfaces, etc.<\/p>\n<p>Our recent world-class research results are reflected by the greatly increased number of publications as well as our active involvement in the organization of scientific workshops and conferences, guest editing special issues of acknowledged journals, etc.<\/p>\n<div id=\"attachment_1537\" style=\"width: 217px\" class=\"wp-caption aligncenter\"><img aria-describedby=\"caption-attachment-1537\" loading=\"lazy\" class=\"wp-image-1537 size-medium\" src=\"https:\/\/www.eet.bme.hu\/wp-content\/uploads\/2018\/08\/szekely-vladimir-207x300.jpg\" alt=\"\" width=\"207\" height=\"300\" srcset=\"https:\/\/www.eet.bme.hu\/wp-content\/uploads\/2018\/08\/szekely-vladimir-207x300.jpg 207w, https:\/\/www.eet.bme.hu\/wp-content\/uploads\/2018\/08\/szekely-vladimir.jpg 354w\" sizes=\"(max-width: 207px) 100vw, 207px\" \/><p id=\"caption-attachment-1537\" class=\"wp-caption-text\">Professor Dr. Vladim\u00edr Sz\u00e9kely, full member of HAS lead the Department between 1990-2005<\/p><\/div>\n<p>By the time of the 50th anniversary of the estabilishment of the Department <a href=\"https:\/\/www.eet.bme.hu\/munkatarsak\/?id=rencz\"><strong>Professor M\u00e1rta <\/strong><strong>Kerecsenn\u00e9 Dr. Rencz<\/strong><\/a> was in charge. In this era thanks to her social capital we were invited to cooperate in numerous international projects. In addition, thanks to our young colleagues the staff numbers increased dramatically.<\/p>\n<div id=\"attachment_1535\" style=\"width: 217px\" class=\"wp-caption aligncenter\"><img aria-describedby=\"caption-attachment-1535\" loading=\"lazy\" class=\"wp-image-1535 size-medium\" src=\"https:\/\/www.eet.bme.hu\/wp-content\/uploads\/2018\/08\/rencz-marta-207x300.jpg\" alt=\"\" width=\"207\" height=\"300\" srcset=\"https:\/\/www.eet.bme.hu\/wp-content\/uploads\/2018\/08\/rencz-marta-207x300.jpg 207w, https:\/\/www.eet.bme.hu\/wp-content\/uploads\/2018\/08\/rencz-marta.jpg 354w\" sizes=\"(max-width: 207px) 100vw, 207px\" \/><p id=\"caption-attachment-1535\" class=\"wp-caption-text\">Professor M\u00e1rta Kerecsenn\u00e9 Dr. Rencz lead the Department between 2005-t\u0151l 2013<\/p><\/div>\n<p>Professor Rencz was succedded by <a href=\"https:\/\/www.eet.bme.hu\/munkatarsak\/?id=poppe\">Associate Professor Andr\u00e1s Dr. Poppe<\/a>, who is in charge till today.<\/p>\n<p>In our modern world, thanks to our young colleagues our state-of-the-art researches are publicized in high-valued journals. We are also involved in several national and international projects as well as in the organization of scientific workshops and conferences and guest editing of precious journals.<\/p>\n<div id=\"attachment_1549\" style=\"width: 1040px\" class=\"wp-caption aligncenter\"><a href=\"https:\/\/www.eet.bme.hu\/wp-content\/uploads\/2018\/08\/main.jpg\"><img aria-describedby=\"caption-attachment-1549\" loading=\"lazy\" class=\"wp-image-1549 size-large\" src=\"https:\/\/www.eet.bme.hu\/wp-content\/uploads\/2018\/08\/main-1030x579.jpg\" alt=\"\" width=\"1030\" height=\"579\" srcset=\"https:\/\/www.eet.bme.hu\/wp-content\/uploads\/2018\/08\/main-1030x579.jpg 1030w, https:\/\/www.eet.bme.hu\/wp-content\/uploads\/2018\/08\/main-300x169.jpg 300w, https:\/\/www.eet.bme.hu\/wp-content\/uploads\/2018\/08\/main-768x432.jpg 768w, https:\/\/www.eet.bme.hu\/wp-content\/uploads\/2018\/08\/main-1500x844.jpg 1500w, https:\/\/www.eet.bme.hu\/wp-content\/uploads\/2018\/08\/main-705x397.jpg 705w, https:\/\/www.eet.bme.hu\/wp-content\/uploads\/2018\/08\/main-450x253.jpg 450w\" sizes=\"(max-width: 1030px) 100vw, 1030px\" \/><\/a><p id=\"caption-attachment-1549\" class=\"wp-caption-text\">The Staff by the time of the 60th anniversary of the estabilishment of the Department<\/p><\/div>\n","protected":false},"excerpt":{"rendered":"<p>History of our Department In 1958, at the time of creating our department mainly electron tubes aimed for different application fields, different frequency and power ranges were meant underethe term electron devices. By this time, at most of the European universities education on the filed of electron devices was carried out by departments which were [&hellip;]<\/p>\n","protected":false},"author":6,"featured_media":0,"parent":171,"menu_order":0,"comment_status":"closed","ping_status":"open","template":"","meta":[],"_links":{"self":[{"href":"https:\/\/www.eet.bme.hu\/en\/wp-json\/wp\/v2\/pages\/183"}],"collection":[{"href":"https:\/\/www.eet.bme.hu\/en\/wp-json\/wp\/v2\/pages"}],"about":[{"href":"https:\/\/www.eet.bme.hu\/en\/wp-json\/wp\/v2\/types\/page"}],"author":[{"embeddable":true,"href":"https:\/\/www.eet.bme.hu\/en\/wp-json\/wp\/v2\/users\/6"}],"replies":[{"embeddable":true,"href":"https:\/\/www.eet.bme.hu\/en\/wp-json\/wp\/v2\/comments?post=183"}],"version-history":[{"count":0,"href":"https:\/\/www.eet.bme.hu\/en\/wp-json\/wp\/v2\/pages\/183\/revisions"}],"up":[{"embeddable":true,"href":"https:\/\/www.eet.bme.hu\/en\/wp-json\/wp\/v2\/pages\/171"}],"wp:attachment":[{"href":"https:\/\/www.eet.bme.hu\/en\/wp-json\/wp\/v2\/media?parent=183"}],"curies":[{"name":"wp","href":"https:\/\/api.w.org\/{rel}","templated":true}]}}