{"id":185,"date":"2015-02-27T01:30:15","date_gmt":"2015-02-27T01:30:15","guid":{"rendered":"https:\/\/www.eet.bme.hu\/?page_id=185"},"modified":"2019-09-13T18:44:22","modified_gmt":"2019-09-13T16:44:22","slug":"elective-courses","status":"publish","type":"page","link":"https:\/\/www.eet.bme.hu\/en\/education\/elective-courses\/","title":{"rendered":"Elective courses"},"content":{"rendered":"<h1>Elective courses<\/h1>\n\n<div class=\"eet-targy-lista\">\n<ul>\n<li>\n<div class=\"eet-targy-nev\">\n  <strong>Intelligent sensors<\/strong>, <a href=\"https:\/\/portal.vik.bme.hu\/kepzes\/targyak\/VIEEAV05\/en\/\">VIEEAV05<\/a>\n<\/div>\n<div>\n  <a href=\"\/en\/staff\/?id=hosszu\">Dr. Hossz\u00fa G\u00e1bor<\/a><\/div>\n<\/li>\n<li>\n<div class=\"eet-targy-nev\">\n  <strong>Optoelectronics<\/strong>, <a href=\"https:\/\/portal.vik.bme.hu\/kepzes\/targyak\/VIEEJV14\/en\/\">VIEEJV14<\/a>\n<\/div>\n<div>\n  <a href=\"\/en\/staff\/?id=zolomy\">Dr. Z\u00f3lomy Imre<\/a><\/div>\n<\/li>\n<li>\n<div class=\"eet-targy-nev\">\n  <strong>Solar Cells and Renewable Energy Sources<\/strong>, <a href=\"https:\/\/portal.vik.bme.hu\/kepzes\/targyak\/VIEEAV99\/en\/\">VIEEAV99<\/a>\n<\/div>\n<div>\n  <a href=\"\/en\/staff\/?id=plesz\"> Plesz Bal\u00e1zs<\/a><\/div>\n<\/li>\n<\/ul>\n<\/div>\n\n<div class=\"eet-clear\"><\/div>\n<style type='text\/css'>.eet-clear { clear: both; }\n.eet-vissza { float: right; }\n\n.eet-munkatars { display: inline-block; vertical-align: top; width: 320px; min-height: 120px; margin: 0.5em; line-height: 1.4; }\n.eet-munkatars .eet-munkatars-adat { margin-left: 90px; }\n.eet-munkatars .eet-munkatars-nev { text-transform: uppercase; }\n.eet-munkatars .eet-munkatars-foto-kicsi { max-width: 80px; float: left; margin-right: 10px; box-shadow: 0 0 0 1px #c2c2c2; }\n\n.eet-munkatars-egy .eet-munkatars-foto { max-width: 180px; float: left; margin-right: 20px; box-shadow: 0 0 0 1px #c2c2c2; }\n.eet-munkatars-egy .eet-munkatars-szoveg { margin-top: 20px; }\n\n.eet-tema { margin-bottom: 20px; }\n.eet-tema-konzulens { font-size: 90%; }\n.eet-tema-konzulens p { margin-top: 0; margin-bottom: 0; }\n.eet-tema-media img { display: block; margin-left: auto; margin-right: auto; box-shadow: 0 0 0 1px #c2c2c2; }\n.eet-tema-elvarasok { font-size: 90%; font-style: italic; }\n.eet-tema-elvarasok p { margin-top: 0; margin-bottom: 0; }\n.eet-tema-kulso-konzulens { font-size: 90%; font-style: italic; }\n.eet-tema-lista-csoportok { text-transform: uppercase; list-style-type: none !important; margin-left: 0; }\n.eet-tema-lista-csoportok li { margin-left: 0; }\n\n.eet-targy-lista ul { margin-left: 0; }\n.eet-targy-lista strong { color: inherit; }\n.eet-targy-nev { clear: both; }\n.eet-targy-leiras { line-height: 1.4; font-style: italic; }\n\n.eet-targy-kep { display: none; }\n@media screen and (min-width: 640px) {\n  .eet-targy-kep { display: block; float: right; margin: 0.5em 0 0.5em 1em; }\n}\n<\/style>\n","protected":false},"excerpt":{"rendered":"<p>Elective courses Intelligent sensors, VIEEAV05 Dr. Hossz\u00fa G\u00e1bor Optoelectronics, VIEEJV14 Dr. Z\u00f3lomy Imre Solar Cells and Renewable Energy Sources, VIEEAV99 Plesz Bal\u00e1zs<\/p>\n","protected":false},"author":6,"featured_media":0,"parent":156,"menu_order":0,"comment_status":"closed","ping_status":"open","template":"","meta":[],"_links":{"self":[{"href":"https:\/\/www.eet.bme.hu\/en\/wp-json\/wp\/v2\/pages\/185"}],"collection":[{"href":"https:\/\/www.eet.bme.hu\/en\/wp-json\/wp\/v2\/pages"}],"about":[{"href":"https:\/\/www.eet.bme.hu\/en\/wp-json\/wp\/v2\/types\/page"}],"author":[{"embeddable":true,"href":"https:\/\/www.eet.bme.hu\/en\/wp-json\/wp\/v2\/users\/6"}],"replies":[{"embeddable":true,"href":"https:\/\/www.eet.bme.hu\/en\/wp-json\/wp\/v2\/comments?post=185"}],"version-history":[{"count":0,"href":"https:\/\/www.eet.bme.hu\/en\/wp-json\/wp\/v2\/pages\/185\/revisions"}],"up":[{"embeddable":true,"href":"https:\/\/www.eet.bme.hu\/en\/wp-json\/wp\/v2\/pages\/156"}],"wp:attachment":[{"href":"https:\/\/www.eet.bme.hu\/en\/wp-json\/wp\/v2\/media?parent=185"}],"curies":[{"name":"wp","href":"https:\/\/api.w.org\/{rel}","templated":true}]}}